{"id":18,"date":"2021-11-26T10:26:17","date_gmt":"2021-11-26T09:26:17","guid":{"rendered":"http:\/\/topgifts.dfirma.pl\/?page_id=18"},"modified":"2021-11-26T13:48:02","modified_gmt":"2021-11-26T12:48:02","slug":"about","status":"publish","type":"page","link":"https:\/\/topgifts.dfirma.pl\/index.php\/about\/","title":{"rendered":"O firmie"},"content":{"rendered":"\n<p class=\"has-medium-font-size\"><strong>Firma TOP GIFTS powsta\u0142a dla Was \u2013 naszych klient\u00f3w.<\/strong><\/p>\n\n\n\n<p>Dzi\u0119ki r\u00f3\u017cnorodnemu asortymentowi importowanych przez nas artyku\u0142\u00f3w z Chin, mi\u0142ej obs\u0142udze i wysokim kwalifikacjom personelu, dotarli\u015bmy ju\u017c do wielu odbiorc\u00f3w w kraju i za granic\u0105.<\/p>\n\n\n\n<p>Wieloletnie do\u015bwiadczenie pozwoli\u0142o nam pozna\u0107 potrzeby naszych klient\u00f3w.<br>Dzi\u0119ki rozleg\u0142ym kontaktom w Azji stali\u015bmy si\u0119 prekursorem w kreowaniu niebanalnej formy i kolorystyki naszych produkt\u00f3w.<br>Celem firmy jest spe\u0142nienie oczekiwa\u0144 naszych klient\u00f3w oraz tworzenie wzajemnego zaufania i poszanowania na p\u0142aszczy\u017anie wsp\u00f3\u0142pracy handlowej.<\/p>\n\n\n\n<p>Zr\u00f3bmy to wsp\u00f3lnie \u2013 po\u0142\u0105czmy Wasze potrzeby i oczekiwania z naszym do\u015bwiadczeniem i potencja\u0142em.<\/p>\n","protected":false},"excerpt":{"rendered":"<p>Firma TOP GIFTS powsta\u0142a dla Was \u2013 naszych klient\u00f3w. Dzi\u0119ki r\u00f3\u017cnorodnemu asortymentowi importowanych przez nas artyku\u0142\u00f3w z Chin, mi\u0142ej obs\u0142udze i wysokim kwalifikacjom personelu, dotarli\u015bmy ju\u017c do wielu odbiorc\u00f3w w kraju i za granic\u0105. Wieloletnie do\u015bwiadczenie pozwoli\u0142o nam pozna\u0107 potrzeby naszych klient\u00f3w.Dzi\u0119ki rozleg\u0142ym kontaktom w Azji stali\u015bmy si\u0119 prekursorem w&#8230;<\/p>\n","protected":false},"author":1,"featured_media":0,"parent":0,"menu_order":0,"comment_status":"closed","ping_status":"closed","template":"","meta":{"footnotes":""},"class_list":["post-18","page","type-page","status-publish","hentry"],"_links":{"self":[{"href":"https:\/\/topgifts.dfirma.pl\/index.php\/wp-json\/wp\/v2\/pages\/18","targetHints":{"allow":["GET"]}}],"collection":[{"href":"https:\/\/topgifts.dfirma.pl\/index.php\/wp-json\/wp\/v2\/pages"}],"about":[{"href":"https:\/\/topgifts.dfirma.pl\/index.php\/wp-json\/wp\/v2\/types\/page"}],"author":[{"embeddable":true,"href":"https:\/\/topgifts.dfirma.pl\/index.php\/wp-json\/wp\/v2\/users\/1"}],"replies":[{"embeddable":true,"href":"https:\/\/topgifts.dfirma.pl\/index.php\/wp-json\/wp\/v2\/comments?post=18"}],"version-history":[{"count":9,"href":"https:\/\/topgifts.dfirma.pl\/index.php\/wp-json\/wp\/v2\/pages\/18\/revisions"}],"predecessor-version":[{"id":89,"href":"https:\/\/topgifts.dfirma.pl\/index.php\/wp-json\/wp\/v2\/pages\/18\/revisions\/89"}],"wp:attachment":[{"href":"https:\/\/topgifts.dfirma.pl\/index.php\/wp-json\/wp\/v2\/media?parent=18"}],"curies":[{"name":"wp","href":"https:\/\/api.w.org\/{rel}","templated":true}]}}